{"id":19,"date":"2015-01-09T17:49:35","date_gmt":"2015-01-09T17:49:35","guid":{"rendered":"https:\/\/www.ergens.at\/www\/?page_id=19"},"modified":"2025-07-08T20:49:14","modified_gmt":"2025-07-08T20:49:14","slug":"unternehmen","status":"publish","type":"page","link":"https:\/\/www.ergens.at\/www\/?page_id=19","title":{"rendered":"Unternehmen"},"content":{"rendered":"<h2>Philosophie:<\/h2>\n<p>Alles was wir aus der Geschichte lernen k\u00f6nnen, ist\u00a0das wir nichts aus der Geschichte lernen k\u00f6nnen.<\/p>\n<p>Die Versuche der Systematisierung von Innovationen, zyklische Wirtschaftsentwicklung von Kondratjew, innovationsinduzierte Investitionen, k\u00f6nnen nicht nachgewiesen werden. Wirtschaftswachstum folgt vielmehr kurzfristig einer\u00a0Zufallsbewegung\u00a0und langfristig dem Wachstum der Bev\u00f6lkerung\u00a0sowie dem\u00a0technischen Fortschritt.<br \/>Erfolg und Innovation ist, das Unm\u00f6gliche zu denken.<br \/>\u00c4nderungsprozesse der experimentellen Entwicklung k\u00f6nnen direkt hervorgerufen werden. Strukturelle, kulturelle bzw. strategische \u00c4nderungsprozesse erfolgen nur wenn v\u00f6llig andere, mit der Problemstellung in keinem Zusammenhang stehende Dinge, ge\u00e4ndert werden. Die Ver\u00e4nderung bzw. Innovation erfolgt nebenbei, explorativ, \u00fcberraschend.<br \/>Wer nicht mit der Zeit geht, der geht mit der Zeit.<br \/>Jedes Wirtschaftssystem, jedes politische System, jedes Gesch\u00e4ftssegment und jedes Produkt, hat einen Lebenszyklus, Innovationsmanagement betrifft jedes System.<br \/>Das Einzige was bei Businesspl\u00e4nen stimmt, sind die Kosten<br \/>Eine\u00a0Invention\u00a0ist noch keine Innovation. Von\u00a0Innovation\u00a0 kann erst gesprochen werden, wenn innerhalb einer Volkswirtschaft der Produktionsprozess ver\u00e4ndert wird.<br \/>Missverst\u00e4ndnisse sind der Motor der Kommunikation<br \/>Innovationskommunikation und Weiterbildung muss informelle Kompetenzen ber\u00fccksichtigen.<br \/>Die Erfolge der Vergangenheit schaffen die Herausforderungen Zukunft<br \/><strong>\u00a0<\/strong><br \/><strong>Credo:<\/strong><br \/><strong>\u00a0<\/strong><br \/>Es gibt nichts Best\u00e4ndigeres als den Wandel<br \/>Improvisation als Kern unternehmensbezogener Dienstleistungen ist durch Regelwerke nicht standardisierbar<br \/>Erfolgreiche Unternehmensentwicklung\u00a0bedeutet, den\u00a0Wandel aktiv zu gestalten, statt von Ver\u00e4nderungen getrieben zu werden<\/p>\n<p><strong>Grunds\u00e4tze<\/strong>:<\/p>\n<p>Unabh\u00e4ngigkeit\u00a0von Dritten, Objektivit\u00e4t\u00a0 Ber\u00fccksichtigung aller Chancen und Risiken<br \/>Kompetenz, Leistungen werden nur wird nur in speziellen Fachbereichen erbracht<br \/>Vertraulichkeit, Keine der erworbenen Kenntnisse und Informationen gelangen an Dritte.<br \/><strong>\u00a0<\/strong><br \/><strong>No go :<\/strong><\/p>\n<p>Gl\u00fcck &amp; S\u00fcdseeparadies ohne Arbeit<strong>\u00a0<\/strong><\/p>\n<p>Exponentielles Umsatzwachstum<br \/>Standardisierte mittelm\u00e4\u00dfige Leistung<br \/>Dotcom like management<br \/>Verzicht auf Managementaktivit\u00e4ten<br \/>Verzicht auf Leistung,\u00a0Weiterbildung und\u00a0Motivation<br \/>Metahpern (Wolkenkratzer, Skylines, Handshakes, Puzzles, Weltkugeln, Wachtumssymbole, Powerpoint Pr\u00e4sentationen)<\/p>\n<h2 style=\"text-align: right;\"><a href=\"https:\/\/www.ergens.at\/www\/\">Home<\/a><\/h2>\n\n\n<p><\/p>\n","protected":false},"excerpt":{"rendered":"<p>Philosophie: Alles was wir aus der Geschichte lernen k\u00f6nnen, ist\u00a0das wir nichts aus der Geschichte lernen k\u00f6nnen. Die Versuche der Systematisierung von Innovationen, zyklische Wirtschaftsentwicklung von Kondratjew, innovationsinduzierte Investitionen, k\u00f6nnen nicht nachgewiesen werden. Wirtschaftswachstum folgt vielmehr kurzfristig einer\u00a0Zufallsbewegung\u00a0und langfristig dem &hellip;<\/p>\n<p class=\"read-more\"> <a class=\"more-link\" href=\"https:\/\/www.ergens.at\/www\/?page_id=19\"> <span class=\"screen-reader-text\">Unternehmen<\/span> Weiterlesen &raquo;<\/a><\/p>\n","protected":false},"author":1,"featured_media":0,"parent":0,"menu_order":0,"comment_status":"closed","ping_status":"closed","template":"","meta":{"footnotes":"","_links_to":"","_links_to_target":""},"class_list":["post-19","page","type-page","status-publish","hentry"],"_links":{"self":[{"href":"https:\/\/www.ergens.at\/www\/index.php?rest_route=\/wp\/v2\/pages\/19","targetHints":{"allow":["GET"]}}],"collection":[{"href":"https:\/\/www.ergens.at\/www\/index.php?rest_route=\/wp\/v2\/pages"}],"about":[{"href":"https:\/\/www.ergens.at\/www\/index.php?rest_route=\/wp\/v2\/types\/page"}],"author":[{"embeddable":true,"href":"https:\/\/www.ergens.at\/www\/index.php?rest_route=\/wp\/v2\/users\/1"}],"replies":[{"embeddable":true,"href":"https:\/\/www.ergens.at\/www\/index.php?rest_route=%2Fwp%2Fv2%2Fcomments&post=19"}],"version-history":[{"count":3,"href":"https:\/\/www.ergens.at\/www\/index.php?rest_route=\/wp\/v2\/pages\/19\/revisions"}],"predecessor-version":[{"id":117,"href":"https:\/\/www.ergens.at\/www\/index.php?rest_route=\/wp\/v2\/pages\/19\/revisions\/117"}],"wp:attachment":[{"href":"https:\/\/www.ergens.at\/www\/index.php?rest_route=%2Fwp%2Fv2%2Fmedia&parent=19"}],"curies":[{"name":"wp","href":"https:\/\/api.w.org\/{rel}","templated":true}]}}