{"id":21,"date":"2015-01-09T17:51:06","date_gmt":"2015-01-09T17:51:06","guid":{"rendered":"https:\/\/www.ergens.at\/www\/?page_id=21"},"modified":"2025-07-08T19:50:01","modified_gmt":"2025-07-08T19:50:01","slug":"impressum","status":"publish","type":"page","link":"https:\/\/www.ergens.at\/www\/?page_id=21","title":{"rendered":"Impressum"},"content":{"rendered":"<p>Inhaber und Betreiber dieser Webseite ist:<\/p>\n<p>ERGENS FORSCHUNG MANAGEMENT<\/p>\n<p>Mag. Michael Ergens<br \/>\n1100 Wien<br \/>\nRaaberbahngasse 15<br \/>\nTel: 603-87-27<br \/>\nFax: 602-47-54<br \/>\nMobil: 0664-10-313-55<\/p>\n<p>Email: <a href=\"mailto:ergens@ergens.at\">ergens@ergens.at<\/a><br \/>\nUID-Nr.: ATU: 411.03.408<br \/>\nEigent\u00fcmer: Mag. Michael Ergens<br \/>\nInformationspflicht lt. \u00a75 E-Commerce Gesetz, \u00a714 Unternehmensgesetzbuch bzw. \u00a763 Gewerbeordnung und Offenlegungspflicht lt. \u00a725 Mediengesetz<\/p>\n<p><strong>Unternehmen<br \/>\n<\/strong>Mag. Michael Ergens<br \/>\n1100 Wien<br \/>\nTel.: +43\/1\/6038727<br \/>\nFax.: +43\/1\/6024754<br \/>\nE-Mail:\u00a0 <a href=\"mailto:ergens@ergens.at\">ergens@ergens.at<br \/>\n<\/a>UID: ATU411.03.408<\/p>\n<p>Gerichtsstand: Wien<br \/>\nGr\u00fcndungsjahr: 1993<br \/>\nKammerzugeh\u00f6rigkeit:\u00a0<a href=\"http:\/\/firmen.wko.at\/Web\/DetailsInfos.aspx?FirmaID=2fcd90d2-ae36-4569-8c05-9fe9456dc42f\">Wirtschaftkammer Wien<\/a><\/p>\n<p><strong>Gesch\u00e4ftsleitung<br \/>\n<\/strong>Eigent\u00fcmer: Mag. Michael Ergens<\/p>\n<p><strong>Unternehmensgegenstand<br \/>\n<\/strong>Unternehmensberatung<\/p>\n<p><strong>Gewerbeberechtigungen:<br \/>\n<\/strong>Unternehmensberatung<\/p>\n<p><strong>Eigentumsverh\u00e4ltnisse:<br \/>\n<\/strong>100% Eigent\u00fcmer:\u00a0Mag. Michael Ergens<\/p>\n<p><strong>Haftungshinweis<br \/>\n<\/strong>Trotz sorgf\u00e4ltiger inhaltlicher Kontrolle \u00fcbernehmen wir keine Haftung f\u00fcr die Inhalte externer Links. F\u00fcr den Inhalt der verlinkten Seiten sind ausschlie\u00dflich deren Betreiber verantwortlich.<br \/>\nAllgemeine Gesch\u00e4ftsbedingungen <a href=\"http:\/\/www.wko.at\/ubit\/UB\/UB_AGB_2012.pdf\">http:\/\/www.wko.at\/ubit\/UB\/UB_AGB_2012.pdf<\/a><\/p>\n<p><strong>Fragen &amp; Hinweise zur Website:<\/strong><strong>\u00a0 <a href=\"mailto:ergens@ergens.at\">ergens@ergens.at<br \/>\n<\/a><\/strong><strong>Konzept, Design &amp; Frontend-Entwicklung:<\/strong>\u00a0Mario Ergens<br \/>\n<strong>Programmierung (PHP\/Wordpress\/Joomla):<\/strong>\u00a0Mario Ergens<\/p>\n<p style=\"text-align: right;\"><a href=\"https:\/\/www.ergens.at\/www\/\">Home<\/a><\/p>\n","protected":false},"excerpt":{"rendered":"<p>Inhaber und Betreiber dieser Webseite ist: ERGENS FORSCHUNG MANAGEMENT Mag. Michael Ergens 1100 Wien Raaberbahngasse 15 Tel: 603-87-27 Fax: 602-47-54 Mobil: 0664-10-313-55 Email: ergens@ergens.at UID-Nr.: ATU: 411.03.408 Eigent\u00fcmer: Mag. Michael Ergens Informationspflicht lt. \u00a75 E-Commerce Gesetz, \u00a714 Unternehmensgesetzbuch bzw. \u00a763 &hellip;<\/p>\n<p class=\"read-more\"> <a class=\"more-link\" href=\"https:\/\/www.ergens.at\/www\/?page_id=21\"> <span class=\"screen-reader-text\">Impressum<\/span> Weiterlesen &raquo;<\/a><\/p>\n","protected":false},"author":1,"featured_media":0,"parent":0,"menu_order":0,"comment_status":"closed","ping_status":"closed","template":"","meta":{"footnotes":"","_links_to":"","_links_to_target":""},"class_list":["post-21","page","type-page","status-publish","hentry"],"_links":{"self":[{"href":"https:\/\/www.ergens.at\/www\/index.php?rest_route=\/wp\/v2\/pages\/21","targetHints":{"allow":["GET"]}}],"collection":[{"href":"https:\/\/www.ergens.at\/www\/index.php?rest_route=\/wp\/v2\/pages"}],"about":[{"href":"https:\/\/www.ergens.at\/www\/index.php?rest_route=\/wp\/v2\/types\/page"}],"author":[{"embeddable":true,"href":"https:\/\/www.ergens.at\/www\/index.php?rest_route=\/wp\/v2\/users\/1"}],"replies":[{"embeddable":true,"href":"https:\/\/www.ergens.at\/www\/index.php?rest_route=%2Fwp%2Fv2%2Fcomments&post=21"}],"version-history":[{"count":5,"href":"https:\/\/www.ergens.at\/www\/index.php?rest_route=\/wp\/v2\/pages\/21\/revisions"}],"predecessor-version":[{"id":113,"href":"https:\/\/www.ergens.at\/www\/index.php?rest_route=\/wp\/v2\/pages\/21\/revisions\/113"}],"wp:attachment":[{"href":"https:\/\/www.ergens.at\/www\/index.php?rest_route=%2Fwp%2Fv2%2Fmedia&parent=21"}],"curies":[{"name":"wp","href":"https:\/\/api.w.org\/{rel}","templated":true}]}}